{"id":9961,"date":"2023-08-08T14:20:32","date_gmt":"2023-08-08T14:20:32","guid":{"rendered":"https:\/\/giuanreiseburo.com\/?page_id=9961"},"modified":"2023-10-04T15:22:55","modified_gmt":"2023-10-04T15:22:55","slug":"dusseldorf-nach-erbil","status":"publish","type":"page","link":"https:\/\/giuanreiseburo.com\/en\/fly-erbil\/dusseldorf-nach-erbil","title":{"rendered":"D\u00fcsseldorf nach Erbil"},"content":{"rendered":"<h2 style=\"direction: ltr; text-align: left;\"><span style=\"color: #000000;\"><strong>D\u00fcsseldorf nach Erbil<br \/><\/strong><\/span><\/h2>\r\n<p style=\"direction: ltr; text-align: left;\"><span style=\"color: #000000;\">Buche noch heute g\u00fcnstige Fly Erbil Fl\u00fcge nach Erbil mit<\/span> <span style=\"color: #000000;\">den besten Angeboten Hinflug und R\u00fcckflug<\/span><\/p>\r\n<p style=\"text-align: left;\"><span style=\"color: #ff0000;\">f\u00fcr Direktfl\u00fcge von Deutschland nach Kurdistan mit Fly Erbil<\/span> <br \/><span style=\"color: #000080;\"><br \/><\/span>\u00a0 <span style=\"color: #000080;\">D\u00fcsseldorf nach Erbil Jeden Samstag und Dienstag<br \/><br \/><\/span> Finden Sie Ihre Fl\u00fcge nach Erbil zu den besten Preisen Jetzt buchen<br \/>Plane deinen Urlaub in Erbil mit unserem Reiseberater<br \/>alles Wichtige zu Sehensw\u00fcrdigkeiten, beste Reisezeit<br \/><br \/>Buche noch heute g\u00fcnstige fly Erbil Fl\u00fcge nach Erbil mit den besten Angeboten <!-- \/wp:post-content -->\r\n\r\n<!-- wp:paragraph {\"align\":\"left\",\"className\":\"has-text-align-left\"} --><\/p>\r\n<p style=\"text-align: left;\"><span style=\"color: #333300;\"><span style=\"color: #ff0000;\">Direktfl\u00fcge \u00a0auch von<\/span>\u00a0 Frankfurt , Hannover , K\u00f6ln , M\u00fcnchen , Berlin , Amsterdam Direktfl\u00fcge<\/span><\/p>\r\n<p style=\"text-align: left;\"><img loading=\"lazy\" decoding=\"async\" class=\"aligncenter size-medium wp-image-9974\" src=\"https:\/\/giuanreiseburo.com\/wp-content\/uploads\/2023\/10\/TJT-240x300.jpg\" alt=\"\" width=\"240\" height=\"300\" srcset=\"https:\/\/giuanreiseburo.com\/wp-content\/uploads\/2023\/10\/TJT-240x300.jpg 240w, https:\/\/giuanreiseburo.com\/wp-content\/uploads\/2023\/10\/TJT-768x960.jpg 768w, https:\/\/giuanreiseburo.com\/wp-content\/uploads\/2023\/10\/TJT-585x731.jpg 585w, https:\/\/giuanreiseburo.com\/wp-content\/uploads\/2023\/10\/TJT.jpg 819w\" sizes=\"auto, (max-width: 240px) 100vw, 240px\" \/><\/p>\r\n<h2 style=\"direction: ltr; text-align: left;\">\u00a0<\/h2>","protected":false},"excerpt":{"rendered":"<p>D\u00fcsseldorf nach Erbil Buche noch heute g\u00fcnstige Fly Erbil Fl\u00fcge nach Erbil mit den besten Angeboten Hinflug und R\u00fcckflug f\u00fcr Direktfl\u00fcge von Deutschland nach Kurdistan mit Fly Erbil \u00a0 D\u00fcsseldorf nach Erbil Jeden Samstag und Dienstag Finden Sie Ihre Fl\u00fcge nach Erbil zu den besten Preisen Jetzt buchenPlane deinen Urlaub in Erbil mit unserem Reiseberateralles [&hellip;]<\/p>\n","protected":false},"author":1,"featured_media":0,"parent":9928,"menu_order":0,"comment_status":"closed","ping_status":"closed","template":"","meta":{"footnotes":""},"class_list":["post-9961","page","type-page","status-publish","hentry"],"_links":{"self":[{"href":"https:\/\/giuanreiseburo.com\/en\/wp-json\/wp\/v2\/pages\/9961","targetHints":{"allow":["GET"]}}],"collection":[{"href":"https:\/\/giuanreiseburo.com\/en\/wp-json\/wp\/v2\/pages"}],"about":[{"href":"https:\/\/giuanreiseburo.com\/en\/wp-json\/wp\/v2\/types\/page"}],"author":[{"embeddable":true,"href":"https:\/\/giuanreiseburo.com\/en\/wp-json\/wp\/v2\/users\/1"}],"replies":[{"embeddable":true,"href":"https:\/\/giuanreiseburo.com\/en\/wp-json\/wp\/v2\/comments?post=9961"}],"version-history":[{"count":4,"href":"https:\/\/giuanreiseburo.com\/en\/wp-json\/wp\/v2\/pages\/9961\/revisions"}],"predecessor-version":[{"id":9975,"href":"https:\/\/giuanreiseburo.com\/en\/wp-json\/wp\/v2\/pages\/9961\/revisions\/9975"}],"up":[{"embeddable":true,"href":"https:\/\/giuanreiseburo.com\/en\/wp-json\/wp\/v2\/pages\/9928"}],"wp:attachment":[{"href":"https:\/\/giuanreiseburo.com\/en\/wp-json\/wp\/v2\/media?parent=9961"}],"curies":[{"name":"wp","href":"https:\/\/api.w.org\/{rel}","templated":true}]}}