{"id":6733,"date":"2020-11-08T12:36:33","date_gmt":"2020-11-08T12:36:33","guid":{"rendered":"https:\/\/giuanreiseburo.com\/?page_id=6733"},"modified":"2023-02-18T11:10:31","modified_gmt":"2023-02-18T11:10:31","slug":"%d9%83%d9%88%d8%b1%d9%88%d9%86%d8%a7","status":"publish","type":"page","link":"https:\/\/giuanreiseburo.com\/en\/%d9%83%d9%88%d8%b1%d9%88%d9%86%d8%a7","title":{"rendered":"\u0643\u0648\u0631\u0648\u0646\u0627 Corona"},"content":{"rendered":"\n<p class=\"has-text-align-left\">Corona<br><br><br>Alle Reisenden m\u00fcssen die Anweisungen f\u00fcr Corona, das Gesundheitsministerium oder das Au\u00dfenministerium Das Robert Koch-Institutbefolgen<br>https:\/\/www.auswaertiges-amt.de\/en\/einreiseundaufenthalt\/coronavirus<br><br>https:\/\/www.rki.de\/EN\/Content\/infections\/epidemiology\/outbreaks\/COVID-19\/COVID19.html<br><br>\u0639\u0644\u0649 \u062c\u0645\u064a\u0639 \u0627\u0644\u0645\u0633\u0627\u0641\u0631\u064a\u0646 \u0627\u062a\u0628\u0627\u0639 \u062a\u0639\u0644\u064a\u0645\u0627\u062a \u0627\u0644\u062e\u0627\u0635\u0629 \u0628\u0643\u0648\u0631\u0648\u0646\u0627 \u0648\u0632\u0627\u0631\u0629 \u0627\u0644\u0635\u062d\u0629 \u0627\u0648 \u0648\u0632\u0627\u0631\u0629 \u0627\u0644\u062e\u0627\u0631\u062c\u064a\u0629 \u0627\u0644\u0627\u0644\u0645\u0627\u0646\u064a\u0629 \u0627\u0648 \u0645\u0639\u0647\u062f \u0631\u0648\u0628\u064a\u0631\u062a \u0643\u0648\u062e <br>https:\/\/www.auswaertiges-amt.de\/en\/einreiseundaufenthalt\/coronavirus<br><br>https:\/\/www.rki.de\/EN\/Content\/infections\/epidemiology\/outbreaks\/COVID-19\/COVID19.html<br><br><\/p>\n\n\n\n<p>Wichtige Notizen:<br>Angesichts der COVID-19-Pandemie haben viele L\u00e4nder Einreisebeschr\u00e4nkungen verh\u00e4ngt. Wir empfehlen Ihnen, sich vorher zu informieren<br>Abreise \u00fcber die aktuellen Einreisebestimmungen Ihres Ziellandes.<br>Die IATA-Website bietet aktuelle Einreisebestimmungen f\u00fcr alle L\u00e4nder auf ihrer Website:<br>https:\/\/www.iatatravelcentre.com\/world.php Weitere Informationen finden Sie unter: https:\/\/sundair.com\/infos-covid19\/#\/covid19.<br>Die Einreise nach Deutschland ist unter bestimmten Voraussetzungen weiterhin m\u00f6glich. Grunds\u00e4tzlich besteht eine Pr\u00fcfungs- und Registrierungspflicht f\u00fcr die Einreise in<br>Deutschland. Es ist auch obligatorisch, einen Antrag auf digitale Einreise auszuf\u00fcllen (https:\/\/www.einreiseanmeldung.de\/#\/).<br>Ohne Nachweis dieses Einreiseantrags darf SUNDAIR keine Passagiere bef\u00f6rdern. H\u00e4ufig gestellte Fragen dazu<br>Vorschriften werden vom Bundesgesundheitsministerium beantwortet<br>( https:\/\/www.bundesgesundheitsministerium.de\/coronavirus-infos-reisende\/merkblatt-dea\/faq-dea.html)<\/p>\n\n\n\n<h4 class=\"wp-block-heading\"><br>\u0645\u0644\u0627\u062d\u0638\u0629 \u0645\u0647\u0645\u0629 \u0644\u0644\u0645\u0633\u0627\u0641\u0631\u064a\u0646 \u0625\u0644\u0649 \u0625\u0633\u0628\u0627\u0646\u064a\u0627:<\/h4>\n\n\n\n<p>\u064a\u064f\u0637\u0644\u0628 \u0645\u0646 \u062c\u0645\u064a\u0639 \u0627\u0644\u0645\u0633\u0627\u0641\u0631\u064a\u0646 \u0625\u0644\u0649 \u0625\u0633\u0628\u0627\u0646\u064a\u0627&nbsp;\u0645\u0644\u0621&nbsp;\u0646\u0645\u0648\u0630\u062c \u062f\u062e\u0648\u0644 \u0639\u0644\u0649 \u0645\u0648\u0642\u0639 \u0627\u0644\u0648\u064a\u0628&nbsp;https:\/\/www.spth.gob.es\/&nbsp;\u0623\u0648 \u062a\u0646\u0632\u064a\u0644 \u062a\u0637\u0628\u064a\u0642 SPTH \u0648\u062a\u0639\u0628\u0626\u0629 \u0627\u0644\u0646\u0645\u0648\u0630\u062c \u0647\u0646\u0627\u0643.&nbsp;\u064a\u0631\u062c\u0649 \u0645\u0644\u0627\u062d\u0638\u0629 \u0623\u0646\u0647 \u0644\u0627 \u064a\u0645\u0643\u0646\u0643 \u0625\u0643\u0645\u0627\u0644 \u0627\u0644\u0646\u0645\u0648\u0630\u062c \u062f\u0648\u0646 \u062a\u062d\u062f\u064a\u062f \u0645\u0642\u0639\u062f\u0643.&nbsp;.<\/p>\n\n\n\n<p><\/p>\n","protected":false},"excerpt":{"rendered":"<p>Corona Alle Reisenden m\u00fcssen die Anweisungen f\u00fcr Corona, das Gesundheitsministerium oder das Au\u00dfenministerium Das Robert Koch-Institutbefolgenhttps:\/\/www.auswaertiges-amt.de\/en\/einreiseundaufenthalt\/coronavirus https:\/\/www.rki.de\/EN\/Content\/infections\/epidemiology\/outbreaks\/COVID-19\/COVID19.html \u0639\u0644\u0649 \u062c\u0645\u064a\u0639 \u0627\u0644\u0645\u0633\u0627\u0641\u0631\u064a\u0646 \u0627\u062a\u0628\u0627\u0639 \u062a\u0639\u0644\u064a\u0645\u0627\u062a \u0627\u0644\u062e\u0627\u0635\u0629 \u0628\u0643\u0648\u0631\u0648\u0646\u0627 \u0648\u0632\u0627\u0631\u0629 \u0627\u0644\u0635\u062d\u0629 \u0627\u0648 \u0648\u0632\u0627\u0631\u0629 \u0627\u0644\u062e\u0627\u0631\u062c\u064a\u0629 \u0627\u0644\u0627\u0644\u0645\u0627\u0646\u064a\u0629 \u0627\u0648 \u0645\u0639\u0647\u062f \u0631\u0648\u0628\u064a\u0631\u062a \u0643\u0648\u062e https:\/\/www.auswaertiges-amt.de\/en\/einreiseundaufenthalt\/coronavirus https:\/\/www.rki.de\/EN\/Content\/infections\/epidemiology\/outbreaks\/COVID-19\/COVID19.html Wichtige Notizen:Angesichts der COVID-19-Pandemie haben viele L\u00e4nder Einreisebeschr\u00e4nkungen verh\u00e4ngt. Wir empfehlen Ihnen, sich vorher zu informierenAbreise \u00fcber die aktuellen [&hellip;]<\/p>\n","protected":false},"author":1,"featured_media":0,"parent":0,"menu_order":0,"comment_status":"closed","ping_status":"closed","template":"","meta":{"footnotes":""},"class_list":["post-6733","page","type-page","status-publish","hentry"],"_links":{"self":[{"href":"https:\/\/giuanreiseburo.com\/en\/wp-json\/wp\/v2\/pages\/6733","targetHints":{"allow":["GET"]}}],"collection":[{"href":"https:\/\/giuanreiseburo.com\/en\/wp-json\/wp\/v2\/pages"}],"about":[{"href":"https:\/\/giuanreiseburo.com\/en\/wp-json\/wp\/v2\/types\/page"}],"author":[{"embeddable":true,"href":"https:\/\/giuanreiseburo.com\/en\/wp-json\/wp\/v2\/users\/1"}],"replies":[{"embeddable":true,"href":"https:\/\/giuanreiseburo.com\/en\/wp-json\/wp\/v2\/comments?post=6733"}],"version-history":[{"count":8,"href":"https:\/\/giuanreiseburo.com\/en\/wp-json\/wp\/v2\/pages\/6733\/revisions"}],"predecessor-version":[{"id":9887,"href":"https:\/\/giuanreiseburo.com\/en\/wp-json\/wp\/v2\/pages\/6733\/revisions\/9887"}],"wp:attachment":[{"href":"https:\/\/giuanreiseburo.com\/en\/wp-json\/wp\/v2\/media?parent=6733"}],"curies":[{"name":"wp","href":"https:\/\/api.w.org\/{rel}","templated":true}]}}